{"id":1633,"date":"2022-01-25T09:02:31","date_gmt":"2022-01-25T08:02:31","guid":{"rendered":"https:\/\/www.renz-recht.de\/?page_id=1633"},"modified":"2022-01-25T09:02:31","modified_gmt":"2022-01-25T08:02:31","slug":"avis-de-confidentialite-zoom","status":"publish","type":"page","link":"https:\/\/www.renz-recht.de\/fr\/avis-de-confidentialite-zoom\/","title":{"rendered":"Avis de confidentialit\u00e9 de Zoom"},"content":{"rendered":"<h1>Informations sur la protection des donn\u00e9es pour les r\u00e9unions en ligne, les conf\u00e9rences t\u00e9l\u00e9phoniques et les webinaires via \u00ab Zoom \u00bb<\/h1>\n<p>&nbsp;<\/p>\n<p>&nbsp;<\/p>\n<p>Nous souhaitons vous informer ci-dessous du traitement des donn\u00e9es personnelles dans le cadre de l&#039;utilisation de <strong>&quot;Zoom&quot;<\/strong> informer.<\/p>\n<h2><\/h2>\n<h2>Finalit\u00e9 du traitement<\/h2>\n<p>&nbsp;<\/p>\n<p>Nous utilisons l\u2019outil \u00ab Zoom \u00bb pour r\u00e9aliser des conf\u00e9rences t\u00e9l\u00e9phoniques, des r\u00e9unions en ligne, des vid\u00e9oconf\u00e9rences et\/ou des webinaires (ci-apr\u00e8s : \u00ab r\u00e9unions en ligne \u00bb). \u00ab Zoom \u00bb est un service fourni par Zoom Video Communications, Inc., bas\u00e9 aux \u00c9tats-Unis.<\/p>\n<p><strong>\u00a0<\/strong><\/p>\n<h2>Responsable<\/h2>\n<p><strong>\u00a0<\/strong><\/p>\n<p><strong>Responsable<\/strong> pour le traitement des donn\u00e9es directement li\u00e9es \u00e0 la conduite de \u00ab r\u00e9unions en ligne \u00bb est<\/p>\n<p>Ma\u00eetre Anne-Kathrin Renz<\/p>\n<p>Sch\u00fctzenstra\u00dfe 3-5<\/p>\n<p>66123 Sarrebruck<\/p>\n<p>0681 95 81 05 88<\/p>\n<p>renz@renz-recht.de<\/p>\n<p>&nbsp;<\/p>\n<p>&nbsp;<\/p>\n<p><strong>Un avis :<\/strong> Si vous acc\u00e9dez au site Web \u00ab Zoom \u00bb, le fournisseur de \u00ab Zoom \u00bb est responsable du traitement des donn\u00e9es. Cependant, l&#039;acc\u00e8s au site Web n&#039;est n\u00e9cessaire que pour utiliser \u00ab Zoom \u00bb afin de t\u00e9l\u00e9charger le logiciel permettant d&#039;utiliser \u00ab Zoom \u00bb.<\/p>\n<p>&nbsp;<\/p>\n<p>Vous pouvez \u00e9galement utiliser \u00ab Zoom \u00bb si vous saisissez l&#039;ID de r\u00e9union correspondant et, si n\u00e9cessaire, d&#039;autres donn\u00e9es d&#039;acc\u00e8s \u00e0 la r\u00e9union directement dans l&#039;application \u00ab Zoom \u00bb.<\/p>\n<p>&nbsp;<\/p>\n<p>Si vous ne souhaitez pas ou ne pouvez pas utiliser l&#039;application Zoom, les fonctions de base peuvent \u00e9galement \u00eatre utilis\u00e9es via une version navigateur, que vous pouvez \u00e9galement trouver sur le site Web de Zoom.<\/p>\n<p>&nbsp;<\/p>\n<p>&nbsp;<\/p>\n<h2>Quelles donn\u00e9es sont trait\u00e9es ?<\/h2>\n<p>&nbsp;<\/p>\n<p>Lors de l\u2019utilisation de \u00ab Zoom \u00bb, diff\u00e9rents types de donn\u00e9es sont trait\u00e9s. L\u2019\u00e9tendue des donn\u00e9es d\u00e9pend \u00e9galement des informations que vous fournissez avant ou lors de votre participation \u00e0 une \u00ab r\u00e9union en ligne \u00bb.<\/p>\n<p>&nbsp;<\/p>\n<p>Les donn\u00e9es personnelles suivantes font l&#039;objet d&#039;un traitement :<\/p>\n<p>&nbsp;<\/p>\n<p><strong>Informations utilisateur : <\/strong>Pr\u00e9nom, nom, t\u00e9l\u00e9phone (facultatif), adresse e-mail, mot de passe (si l&#039;authentification unique n&#039;est pas utilis\u00e9e), photo de profil (facultatif),<\/p>\n<p>D\u00e9partement (facultatif)<\/p>\n<p><strong>M\u00e9tadonn\u00e9es de la r\u00e9union\u00a0:<\/strong> Sujet, description (facultatif), adresses IP des participants, informations sur l&#039;appareil\/le mat\u00e9riel<\/p>\n<p>&nbsp;<\/p>\n<p><strong>Pour les enregistrements (facultatif) :<\/strong> Fichier MP4 de tous les enregistrements vid\u00e9o, audio et de pr\u00e9sentation, fichier M4A de tous les enregistrements audio, fichier texte du chat de r\u00e9union en ligne.<\/p>\n<p>&nbsp;<\/p>\n<p><strong>Lorsque vous vous connectez par t\u00e9l\u00e9phone :<\/strong> Informations sur le num\u00e9ro de t\u00e9l\u00e9phone entrant et sortant, le nom du pays, l&#039;heure de d\u00e9but et de fin. Si n\u00e9cessaire, des donn\u00e9es de connexion suppl\u00e9mentaires telles que l\u2019adresse IP de l\u2019appareil peuvent \u00eatre stock\u00e9es.<\/p>\n<p>&nbsp;<\/p>\n<p><strong>Donn\u00e9es texte, audio et vid\u00e9o : <\/strong>Vous pouvez avoir la possibilit\u00e9 d\u2019utiliser les fonctions de chat, de question ou d\u2019enqu\u00eate lors d\u2019une \u00ab r\u00e9union en ligne \u00bb. \u00c0 cet \u00e9gard, les saisies de texte que vous effectuez seront trait\u00e9es afin de les afficher dans la \u00ab r\u00e9union en ligne \u00bb et, si n\u00e9cessaire, de les enregistrer. Afin de permettre l&#039;affichage de la vid\u00e9o et la lecture de l&#039;audio, les donn\u00e9es du microphone de votre appareil et de toute cam\u00e9ra vid\u00e9o sur l&#039;appareil seront trait\u00e9es en cons\u00e9quence pendant la dur\u00e9e de la r\u00e9union. Vous pouvez d\u00e9sactiver ou couper vous-m\u00eame la cam\u00e9ra ou le microphone \u00e0 tout moment \u00e0 l&#039;aide des applications Zoom.<\/p>\n<p>&nbsp;<\/p>\n<p>Pour participer \u00e0 une \u00ab r\u00e9union en ligne \u00bb ou pour entrer dans la \u00ab salle de r\u00e9union \u00bb, vous devez au moins fournir votre nom.<\/p>\n<p>&nbsp;<\/p>\n<h2><\/h2>\n<h2>Port\u00e9e du traitement<\/h2>\n<p>&nbsp;<\/p>\n<p>Nous utilisons \u00ab Zoom \u00bb pour mener des \u00ab r\u00e9unions en ligne \u00bb. Si nous souhaitons enregistrer des r\u00e9unions en ligne, nous vous en informerons au pr\u00e9alable de mani\u00e8re transparente et, si n\u00e9cessaire, nous vous demanderons votre consentement. Le fait que l\u2019enregistrement soit en cours sera \u00e9galement affich\u00e9 dans l\u2019application \u00ab Zoom \u00bb.<\/p>\n<p>&nbsp;<\/p>\n<p>Si n\u00e9cessaire, aux fins d&#039;enregistrement des r\u00e9sultats d&#039;une r\u00e9union en ligne, nous enregistrerons le contenu du chat. Cependant, ce ne sera g\u00e9n\u00e9ralement pas le cas.<\/p>\n<p>&nbsp;<\/p>\n<p>Dans le cas de webinaires, nous pouvons \u00e9galement traiter les questions pos\u00e9es par les participants aux webinaires \u00e0 des fins d&#039;enregistrement et de suivi des webinaires.<\/p>\n<p>&nbsp;<\/p>\n<p>Si vous \u00eates inscrit en tant qu&#039;utilisateur aupr\u00e8s de Zoom, les rapports sur les r\u00e9unions en ligne (m\u00e9tadonn\u00e9es de r\u00e9union, donn\u00e9es de connexion t\u00e9l\u00e9phonique, questions et r\u00e9ponses dans les webinaires, fonction de sondage dans les webinaires) peuvent \u00eatre stock\u00e9s par Zoom jusqu&#039;\u00e0 un mois.<\/p>\n<p><strong>\u00a0<\/strong><\/p>\n<p>Prise de d\u00e9cision automatis\u00e9e au sens de l&#039;art. 22 Le RGPD n&#039;est pas utilis\u00e9.<\/p>\n<p>&nbsp;<\/p>\n<h2><\/h2>\n<h2>Base juridique du traitement des donn\u00e9es<\/h2>\n<p>La base juridique du traitement des donn\u00e9es lors de la conduite de \u00ab r\u00e9unions en ligne \u00bb est l\u2019art. 6 (1) (b) RGPD, \u00e0 condition que les r\u00e9unions soient men\u00e9es dans le cadre de relations contractuelles.<\/p>\n<p>S&#039;il n&#039;existe aucune relation contractuelle, la base juridique est l&#039;art. 6 (1) (f) du RGPD. Ici aussi, nous nous int\u00e9ressons \u00e0 la conduite efficace des \u00ab r\u00e9unions en ligne \u00bb.<\/p>\n<p>&nbsp;<\/p>\n<h2>Destinataire \/ transfert des donn\u00e9es<\/h2>\n<p>Les donn\u00e9es personnelles trait\u00e9es dans le cadre de la participation \u00e0 des \u00ab r\u00e9unions en ligne \u00bb ne seront g\u00e9n\u00e9ralement pas transmises \u00e0 des tiers, sauf si elles sont sp\u00e9cifiquement destin\u00e9es \u00e0 \u00eatre divulgu\u00e9es. Veuillez noter que le contenu des \u00ab r\u00e9unions en ligne \u00bb, ainsi que des r\u00e9unions personnelles, est souvent utilis\u00e9 pour communiquer des informations avec des clients, des parties int\u00e9ress\u00e9es ou des tiers et est donc destin\u00e9 \u00e0 \u00eatre diffus\u00e9.<\/p>\n<p>Autres destinataires : Le fournisseur de \u00ab Zoom \u00bb re\u00e7oit n\u00e9cessairement connaissance des donn\u00e9es susmentionn\u00e9es, dans la mesure o\u00f9 cela est pr\u00e9vu dans notre contrat de traitement des commandes avec \u00ab Zoom \u00bb.<\/p>\n<p>&nbsp;<\/p>\n<h2>Traitement des donn\u00e9es en dehors de l&#039;Union europ\u00e9enne<\/h2>\n<p>\u00ab Zoom \u00bb est un service fourni par un fournisseur bas\u00e9 aux \u00c9tats-Unis. Le traitement des donn\u00e9es personnelles a donc \u00e9galement lieu dans un pays tiers. Nous avons conclu avec le fournisseur de \u00ab Zoom \u00bb un accord de traitement des donn\u00e9es qui est conforme aux exigences de l&#039;art. 28 RGPD.<\/p>\n<p>Un niveau appropri\u00e9 de protection des donn\u00e9es est garanti, d\u2019une part, par la conclusion des clauses contractuelles types de l\u2019UE. \u00c0 titre de mesures de protection suppl\u00e9mentaires, nous avons \u00e9galement configur\u00e9 notre Zoom de mani\u00e8re \u00e0 ce que seuls les centres de donn\u00e9es de l&#039;UE, de l&#039;EEE ou de pays tiers s\u00fbrs tels que le Canada ou le Japon soient utilis\u00e9s pour mener des \u00ab r\u00e9unions en ligne \u00bb.<\/p>\n<h2><\/h2>\n<h2>Vos droits en tant que personne concern\u00e9e<\/h2>\n<p>&nbsp;<\/p>\n<p>Vous avez le droit de <strong>Information<\/strong> sur les donn\u00e9es personnelles vous concernant. Vous pouvez nous contacter \u00e0 tout moment pour obtenir des informations.<\/p>\n<p>&nbsp;<\/p>\n<p>Si vous ne demandez pas d\u2019informations par \u00e9crit, nous vous demandons de comprendre que nous pouvons vous demander de fournir la preuve que vous \u00eates la personne que vous pr\u00e9tendez \u00eatre.<\/p>\n<p>&nbsp;<\/p>\n<p>De plus, vous avez le droit de <strong>Correction<\/strong> ou <strong>effacement<\/strong> ou sur <strong>Restriction<\/strong> traitement, dans la mesure o\u00f9 vous \u00eates l\u00e9galement autoris\u00e9 \u00e0 le faire.<\/p>\n<p>Enfin, vous avez un <strong>Droit d&#039;opposition<\/strong> contre le traitement dans le cadre des exigences l\u00e9gales.<\/p>\n<p>&nbsp;<\/p>\n<p>Un droit \u00e0 <strong>Portabilit\u00e9 des donn\u00e9es<\/strong> existe \u00e9galement dans le cadre de la r\u00e9glementation sur la protection des donn\u00e9es.<\/p>\n<h2><\/h2>\n<h2>Suppression des donn\u00e9es<\/h2>\n<p>&nbsp;<\/p>\n<p>Nous supprimons g\u00e9n\u00e9ralement les donn\u00e9es personnelles lorsqu\u2019il n\u2019est plus n\u00e9cessaire de les stocker davantage. Une exigence peut exister notamment si les donn\u00e9es sont encore n\u00e9cessaires pour ex\u00e9cuter des prestations contractuelles, pour v\u00e9rifier et accorder ou d\u00e9fendre des droits de garantie et, le cas \u00e9ch\u00e9ant, des droits de garantie. Dans le cas de d\u00e9lais de conservation l\u00e9gaux, la suppression ne sera envisag\u00e9e qu&#039;apr\u00e8s l&#039;expiration du d\u00e9lai de conservation respectif.<\/p>\n<h2><\/h2>\n<h2>Droit de d\u00e9poser une plainte aupr\u00e8s d&#039;une autorit\u00e9 de contr\u00f4le<\/h2>\n<p>&nbsp;<\/p>\n<p>Vous avez le droit d&#039;obtenir des informations sur le traitement des donn\u00e9es personnelles par nos soins \u00e0 l&#039;adresse <strong>autorit\u00e9 de contr\u00f4le<\/strong>se plaindre de la protection des donn\u00e9es.<\/p>\n<h2><\/h2>\n<h2>Modifications de cette politique de confidentialit\u00e9<\/h2>\n<p>Nous r\u00e9viserons cette politique de confidentialit\u00e9 si des modifications sont apport\u00e9es au traitement des donn\u00e9es ou si d\u2019autres circonstances le rendent n\u00e9cessaire. La derni\u00e8re version peut toujours \u00eatre trouv\u00e9e sur ce site Web.<\/p>\n<p>&nbsp;<\/p>","protected":false},"excerpt":{"rendered":"<p>Datenschutzhinweise f\u00fcr Online-Meetings, Telefonkonferenzen und Webinare via \u201eZoom\u201c &nbsp; &nbsp; Wir m\u00f6chten Sie nachfolgend \u00fcber die Verarbeitung personenbezogener Daten im Zusammenhang mit der Nutzung von \u201eZoom\u201c informieren. Zweck der Verarbeitung &nbsp; Wir nutzen das Tool \u201eZoom\u201c, um Telefonkonferenzen, Online-Meetings, Videokonferenzen und\/oder Webinare durchzuf\u00fchren (nachfolgend: \u201eOnline-Meetings\u201c). \u201eZoom\u201c ist ein Service der Zoom Video Communications, Inc., die [&hellip;]<\/p>","protected":false},"author":2,"featured_media":0,"parent":0,"menu_order":0,"comment_status":"closed","ping_status":"closed","template":"","meta":{"_et_pb_use_builder":"","_et_pb_old_content":"","_et_gb_content_width":"","inline_featured_image":false,"footnotes":""},"class_list":["post-1633","page","type-page","status-publish","hentry"],"aioseo_notices":[],"aioseo_head":"\n\t\t<!-- All in One SEO Pro 4.9.6.2 - aioseo.com -->\n\t<meta name=\"description\" content=\"Datenschutzhinweise f\u00fcr Online-Meetings, Telefonkonferenzen und Webinare via \u201eZoom\u201c Wir m\u00f6chten Sie nachfolgend \u00fcber die Verarbeitung personenbezogener Daten im Zusammenhang mit der Nutzung von \u201eZoom\u201c informieren. Zweck der Verarbeitung Wir nutzen das Tool \u201eZoom\u201c, um Telefonkonferenzen, Online-Meetings, Videokonferenzen und\/oder Webinare durchzuf\u00fchren (nachfolgend: \u201eOnline-Meetings\u201c). \u201eZoom\u201c ist ein Service der Zoom Video Communications, Inc., die\" \/>\n\t<meta name=\"robots\" content=\"max-image-preview:large\" \/>\n\t<link rel=\"canonical\" href=\"https:\/\/www.renz-recht.de\/fr\/avis-de-confidentialite-zoom\/\" \/>\n\t<meta name=\"generator\" content=\"All in One SEO Pro (AIOSEO) 4.9.6.2\" \/>\n\t\t<meta property=\"og:locale\" content=\"fr_FR\" \/>\n\t\t<meta property=\"og:site_name\" content=\"Renz Recht - Anwalt Markenrecht Urheberrecht Saarbr\u00fccken - Rechtsanw\u00e4ltin Anne-Kathrin Renz\" \/>\n\t\t<meta property=\"og:type\" content=\"article\" \/>\n\t\t<meta property=\"og:title\" content=\"Datenschutzhinweis Zoom - Renz Recht - Anwalt Markenrecht Urheberrecht Saarbr\u00fccken\" \/>\n\t\t<meta property=\"og:description\" content=\"Datenschutzhinweise f\u00fcr Online-Meetings, Telefonkonferenzen und Webinare via \u201eZoom\u201c Wir m\u00f6chten Sie nachfolgend \u00fcber die Verarbeitung personenbezogener Daten im Zusammenhang mit der Nutzung von \u201eZoom\u201c informieren. Zweck der Verarbeitung Wir nutzen das Tool \u201eZoom\u201c, um Telefonkonferenzen, Online-Meetings, Videokonferenzen und\/oder Webinare durchzuf\u00fchren (nachfolgend: \u201eOnline-Meetings\u201c). \u201eZoom\u201c ist ein Service der Zoom Video Communications, Inc., die\" \/>\n\t\t<meta property=\"og:url\" content=\"https:\/\/www.renz-recht.de\/fr\/avis-de-confidentialite-zoom\/\" \/>\n\t\t<meta property=\"article:published_time\" content=\"2022-01-25T08:02:31+00:00\" \/>\n\t\t<meta property=\"article:modified_time\" content=\"2022-01-25T08:02:31+00:00\" \/>\n\t\t<meta name=\"twitter:card\" content=\"summary_large_image\" \/>\n\t\t<meta name=\"twitter:title\" content=\"Datenschutzhinweis Zoom - Renz Recht - Anwalt Markenrecht Urheberrecht Saarbr\u00fccken\" \/>\n\t\t<meta name=\"twitter:description\" content=\"Datenschutzhinweise f\u00fcr Online-Meetings, Telefonkonferenzen und Webinare via \u201eZoom\u201c Wir m\u00f6chten Sie nachfolgend \u00fcber die Verarbeitung personenbezogener Daten im Zusammenhang mit der Nutzung von \u201eZoom\u201c informieren. Zweck der Verarbeitung Wir nutzen das Tool \u201eZoom\u201c, um Telefonkonferenzen, Online-Meetings, Videokonferenzen und\/oder Webinare durchzuf\u00fchren (nachfolgend: \u201eOnline-Meetings\u201c). \u201eZoom\u201c ist ein Service der Zoom Video Communications, Inc., die\" \/>\n\t\t<script type=\"application\/ld+json\" class=\"aioseo-schema\">\n\t\t\t{\"@context\":\"https:\\\/\\\/schema.org\",\"@graph\":[{\"@type\":\"BreadcrumbList\",\"@id\":\"https:\\\/\\\/www.renz-recht.de\\\/fr\\\/avis-de-confidentialite-zoom\\\/#breadcrumblist\",\"itemListElement\":[{\"@type\":\"ListItem\",\"@id\":\"https:\\\/\\\/www.renz-recht.de\\\/fr#listItem\",\"position\":1,\"name\":\"Home\",\"item\":\"https:\\\/\\\/www.renz-recht.de\\\/fr\",\"nextItem\":{\"@type\":\"ListItem\",\"@id\":\"https:\\\/\\\/www.renz-recht.de\\\/fr\\\/avis-de-confidentialite-zoom\\\/#listItem\",\"name\":\"Datenschutzhinweis Zoom\"}},{\"@type\":\"ListItem\",\"@id\":\"https:\\\/\\\/www.renz-recht.de\\\/fr\\\/avis-de-confidentialite-zoom\\\/#listItem\",\"position\":2,\"name\":\"Datenschutzhinweis Zoom\",\"previousItem\":{\"@type\":\"ListItem\",\"@id\":\"https:\\\/\\\/www.renz-recht.de\\\/fr#listItem\",\"name\":\"Home\"}}]},{\"@type\":\"Organization\",\"@id\":\"https:\\\/\\\/www.renz-recht.de\\\/fr\\\/#organization\",\"name\":\"Rechtsanw\\u00e4ltin Anne-Kathrin Renz Saarbr\\u00fccken\",\"description\":\"Rechtsanw\\u00e4ltin Anne-Kathrin Renz\",\"url\":\"https:\\\/\\\/www.renz-recht.de\\\/fr\\\/\",\"telephone\":\"+4968195810588\",\"logo\":{\"@type\":\"ImageObject\",\"url\":\"https:\\\/\\\/www.renz-recht.de\\\/wp-content\\\/uploads\\\/2023\\\/11\\\/logo-renz-recht_sw.svg\",\"@id\":\"https:\\\/\\\/www.renz-recht.de\\\/fr\\\/avis-de-confidentialite-zoom\\\/#organizationLogo\"},\"image\":{\"@id\":\"https:\\\/\\\/www.renz-recht.de\\\/fr\\\/avis-de-confidentialite-zoom\\\/#organizationLogo\"}},{\"@type\":\"WebPage\",\"@id\":\"https:\\\/\\\/www.renz-recht.de\\\/fr\\\/avis-de-confidentialite-zoom\\\/#webpage\",\"url\":\"https:\\\/\\\/www.renz-recht.de\\\/fr\\\/avis-de-confidentialite-zoom\\\/\",\"name\":\"Datenschutzhinweis Zoom - Renz Recht - Anwalt Markenrecht Urheberrecht Saarbr\\u00fccken\",\"description\":\"Datenschutzhinweise f\\u00fcr Online-Meetings, Telefonkonferenzen und Webinare via \\u201eZoom\\u201c Wir m\\u00f6chten Sie nachfolgend \\u00fcber die Verarbeitung personenbezogener Daten im Zusammenhang mit der Nutzung von \\u201eZoom\\u201c informieren. Zweck der Verarbeitung Wir nutzen das Tool \\u201eZoom\\u201c, um Telefonkonferenzen, Online-Meetings, Videokonferenzen und\\\/oder Webinare durchzuf\\u00fchren (nachfolgend: \\u201eOnline-Meetings\\u201c). \\u201eZoom\\u201c ist ein Service der Zoom Video Communications, Inc., die\",\"inLanguage\":\"fr-FR\",\"isPartOf\":{\"@id\":\"https:\\\/\\\/www.renz-recht.de\\\/fr\\\/#website\"},\"breadcrumb\":{\"@id\":\"https:\\\/\\\/www.renz-recht.de\\\/fr\\\/avis-de-confidentialite-zoom\\\/#breadcrumblist\"},\"datePublished\":\"2022-01-25T09:02:31+01:00\",\"dateModified\":\"2022-01-25T09:02:31+01:00\"},{\"@type\":\"WebSite\",\"@id\":\"https:\\\/\\\/www.renz-recht.de\\\/fr\\\/#website\",\"url\":\"https:\\\/\\\/www.renz-recht.de\\\/fr\\\/\",\"name\":\"Rechtsanw\\u00e4ltin Anne-Kathrin Renz Saarbr\\u00fccken\",\"alternateName\":\"Rechtsanw\\u00e4ltin Markenrecht Saarbr\\u00fccken\",\"description\":\"Rechtsanw\\u00e4ltin Anne-Kathrin Renz\",\"inLanguage\":\"fr-FR\",\"publisher\":{\"@id\":\"https:\\\/\\\/www.renz-recht.de\\\/fr\\\/#organization\"}}]}\n\t\t<\/script>\n\t\t<!-- All in One SEO Pro -->\r\n\t\t<title>Datenschutzhinweis Zoom - Renz Recht - Anwalt Markenrecht Urheberrecht Saarbr\u00fccken<\/title>\n\n","aioseo_head_json":{"title":"Avis de confidentialit\u00e9 Zoom - Renz Law - Avocat Droit des marques Copyright Sarrebruck","description":"Informations sur la protection des donn\u00e9es pour les r\u00e9unions en ligne, les conf\u00e9rences t\u00e9l\u00e9phoniques et les webinaires via \u00ab Zoom \u00bb Nous souhaitons vous informer ci-dessous sur le traitement des donn\u00e9es personnelles dans le cadre de l&#039;utilisation de \u00ab Zoom \u00bb. Finalit\u00e9 du traitement Nous utilisons l\u2019outil \u00ab Zoom \u00bb pour r\u00e9aliser des conf\u00e9rences t\u00e9l\u00e9phoniques, des r\u00e9unions en ligne, des vid\u00e9oconf\u00e9rences et\/ou des webinaires (ci-apr\u00e8s : \u00ab r\u00e9unions en ligne \u00bb). \u00ab Zoom \u00bb est un service de Zoom Video Communications, Inc., qui","canonical_url":"https:\/\/www.renz-recht.de\/fr\/avis-de-confidentialite-zoom\/","robots":"max-image-preview:large","keywords":"","webmasterTools":{"miscellaneous":""},"schema":{"@context":"https:\/\/schema.org","@graph":[{"@type":"BreadcrumbList","@id":"https:\/\/www.renz-recht.de\/fr\/avis-de-confidentialite-zoom\/#breadcrumblist","itemListElement":[{"@type":"ListItem","@id":"https:\/\/www.renz-recht.de\/fr#listItem","position":1,"name":"Home","item":"https:\/\/www.renz-recht.de\/fr","nextItem":{"@type":"ListItem","@id":"https:\/\/www.renz-recht.de\/fr\/avis-de-confidentialite-zoom\/#listItem","name":"Datenschutzhinweis Zoom"}},{"@type":"ListItem","@id":"https:\/\/www.renz-recht.de\/fr\/avis-de-confidentialite-zoom\/#listItem","position":2,"name":"Datenschutzhinweis Zoom","previousItem":{"@type":"ListItem","@id":"https:\/\/www.renz-recht.de\/fr#listItem","name":"Home"}}]},{"@type":"Organization","@id":"https:\/\/www.renz-recht.de\/fr\/#organization","name":"Rechtsanw\u00e4ltin Anne-Kathrin Renz Saarbr\u00fccken","description":"Rechtsanw\u00e4ltin Anne-Kathrin Renz","url":"https:\/\/www.renz-recht.de\/fr\/","telephone":"+4968195810588","logo":{"@type":"ImageObject","url":"https:\/\/www.renz-recht.de\/wp-content\/uploads\/2023\/11\/logo-renz-recht_sw.svg","@id":"https:\/\/www.renz-recht.de\/fr\/avis-de-confidentialite-zoom\/#organizationLogo"},"image":{"@id":"https:\/\/www.renz-recht.de\/fr\/avis-de-confidentialite-zoom\/#organizationLogo"}},{"@type":"WebPage","@id":"https:\/\/www.renz-recht.de\/fr\/avis-de-confidentialite-zoom\/#webpage","url":"https:\/\/www.renz-recht.de\/fr\/avis-de-confidentialite-zoom\/","name":"Datenschutzhinweis Zoom - Renz Recht - Anwalt Markenrecht Urheberrecht Saarbr\u00fccken","description":"Datenschutzhinweise f\u00fcr Online-Meetings, Telefonkonferenzen und Webinare via \u201eZoom\u201c Wir m\u00f6chten Sie nachfolgend \u00fcber die Verarbeitung personenbezogener Daten im Zusammenhang mit der Nutzung von \u201eZoom\u201c informieren. Zweck der Verarbeitung Wir nutzen das Tool \u201eZoom\u201c, um Telefonkonferenzen, Online-Meetings, Videokonferenzen und\/oder Webinare durchzuf\u00fchren (nachfolgend: \u201eOnline-Meetings\u201c). \u201eZoom\u201c ist ein Service der Zoom Video Communications, Inc., die","inLanguage":"fr-FR","isPartOf":{"@id":"https:\/\/www.renz-recht.de\/fr\/#website"},"breadcrumb":{"@id":"https:\/\/www.renz-recht.de\/fr\/avis-de-confidentialite-zoom\/#breadcrumblist"},"datePublished":"2022-01-25T09:02:31+01:00","dateModified":"2022-01-25T09:02:31+01:00"},{"@type":"WebSite","@id":"https:\/\/www.renz-recht.de\/fr\/#website","url":"https:\/\/www.renz-recht.de\/fr\/","name":"Rechtsanw\u00e4ltin Anne-Kathrin Renz Saarbr\u00fccken","alternateName":"Rechtsanw\u00e4ltin Markenrecht Saarbr\u00fccken","description":"Rechtsanw\u00e4ltin Anne-Kathrin Renz","inLanguage":"fr-FR","publisher":{"@id":"https:\/\/www.renz-recht.de\/fr\/#organization"}}]},"og:locale":"fr_FR","og:site_name":"Renz Recht - Anwalt Markenrecht Urheberrecht Saarbr\u00fccken - Rechtsanw\u00e4ltin Anne-Kathrin Renz","og:type":"article","og:title":"Datenschutzhinweis Zoom - Renz Recht - Anwalt Markenrecht Urheberrecht Saarbr\u00fccken","og:description":"Datenschutzhinweise f\u00fcr Online-Meetings, Telefonkonferenzen und Webinare via \u201eZoom\u201c Wir m\u00f6chten Sie nachfolgend \u00fcber die Verarbeitung personenbezogener Daten im Zusammenhang mit der Nutzung von \u201eZoom\u201c informieren. Zweck der Verarbeitung Wir nutzen das Tool \u201eZoom\u201c, um Telefonkonferenzen, Online-Meetings, Videokonferenzen und\/oder Webinare durchzuf\u00fchren (nachfolgend: \u201eOnline-Meetings\u201c). \u201eZoom\u201c ist ein Service der Zoom Video Communications, Inc., die","og:url":"https:\/\/www.renz-recht.de\/fr\/avis-de-confidentialite-zoom\/","article:published_time":"2022-01-25T08:02:31+00:00","article:modified_time":"2022-01-25T08:02:31+00:00","twitter:card":"summary_large_image","twitter:title":"Datenschutzhinweis Zoom - Renz Recht - Anwalt Markenrecht Urheberrecht Saarbr\u00fccken","twitter:description":"Datenschutzhinweise f\u00fcr Online-Meetings, Telefonkonferenzen und Webinare via \u201eZoom\u201c Wir m\u00f6chten Sie nachfolgend \u00fcber die Verarbeitung personenbezogener Daten im Zusammenhang mit der Nutzung von \u201eZoom\u201c informieren. Zweck der Verarbeitung Wir nutzen das Tool \u201eZoom\u201c, um Telefonkonferenzen, Online-Meetings, Videokonferenzen und\/oder Webinare durchzuf\u00fchren (nachfolgend: \u201eOnline-Meetings\u201c). \u201eZoom\u201c ist ein Service der Zoom Video Communications, Inc., die"},"aioseo_meta_data":{"post_id":"1633","title":null,"description":null,"keywords":null,"keyphrases":null,"primary_term":null,"canonical_url":null,"og_title":null,"og_description":null,"og_object_type":"default","og_image_type":"default","og_image_url":null,"og_image_width":null,"og_image_height":null,"og_image_custom_url":null,"og_image_custom_fields":null,"og_video":null,"og_custom_url":null,"og_article_section":null,"og_article_tags":null,"twitter_use_og":false,"twitter_card":"default","twitter_image_type":"default","twitter_image_url":null,"twitter_image_custom_url":null,"twitter_image_custom_fields":null,"twitter_title":null,"twitter_description":null,"schema":{"blockGraphs":[],"customGraphs":[],"default":{"data":{"Article":[],"Course":[],"Dataset":[],"FAQPage":[],"Movie":[],"Person":[],"Product":[],"ProductReview":[],"Car":[],"Recipe":[],"Service":[],"SoftwareApplication":[],"WebPage":[]},"graphName":"","isEnabled":true},"graphs":[]},"schema_type":"default","schema_type_options":null,"pillar_content":false,"robots_default":true,"robots_noindex":false,"robots_noarchive":false,"robots_nosnippet":false,"robots_nofollow":false,"robots_noimageindex":false,"robots_noodp":false,"robots_notranslate":false,"robots_max_snippet":null,"robots_max_videopreview":null,"robots_max_imagepreview":"large","priority":null,"frequency":null,"local_seo":null,"seo_analyzer_scan_date":"2025-10-08 21:08:24","breadcrumb_settings":null,"limit_modified_date":false,"open_ai":null,"ai":null,"created":"2023-11-12 10:50:08","updated":"2025-10-22 08:23:50"},"aioseo_breadcrumb":"<div class=\"aioseo-breadcrumbs\"><span class=\"aioseo-breadcrumb\">\n\t<a href=\"https:\/\/www.renz-recht.de\/fr\" title=\"Home\">Home<\/a>\n<\/span><span class=\"aioseo-breadcrumb-separator\">&raquo;<\/span><span class=\"aioseo-breadcrumb\">\n\tDatenschutzhinweis Zoom\n<\/span><\/div>","aioseo_breadcrumb_json":[{"label":"Home","link":"https:\/\/www.renz-recht.de\/fr"},{"label":"Datenschutzhinweis Zoom","link":"https:\/\/www.renz-recht.de\/fr\/avis-de-confidentialite-zoom\/"}],"_links":{"self":[{"href":"https:\/\/www.renz-recht.de\/fr\/wp-json\/wp\/v2\/pages\/1633","targetHints":{"allow":["GET"]}}],"collection":[{"href":"https:\/\/www.renz-recht.de\/fr\/wp-json\/wp\/v2\/pages"}],"about":[{"href":"https:\/\/www.renz-recht.de\/fr\/wp-json\/wp\/v2\/types\/page"}],"author":[{"embeddable":true,"href":"https:\/\/www.renz-recht.de\/fr\/wp-json\/wp\/v2\/users\/2"}],"replies":[{"embeddable":true,"href":"https:\/\/www.renz-recht.de\/fr\/wp-json\/wp\/v2\/comments?post=1633"}],"version-history":[{"count":0,"href":"https:\/\/www.renz-recht.de\/fr\/wp-json\/wp\/v2\/pages\/1633\/revisions"}],"wp:attachment":[{"href":"https:\/\/www.renz-recht.de\/fr\/wp-json\/wp\/v2\/media?parent=1633"}],"curies":[{"name":"wp","href":"https:\/\/api.w.org\/{rel}","templated":true}]}}