{"id":745,"date":"2019-08-01T08:41:36","date_gmt":"2019-08-01T06:41:36","guid":{"rendered":"https:\/\/www.renz-recht.de\/?page_id=745"},"modified":"2024-09-03T10:59:06","modified_gmt":"2024-09-03T08:59:06","slug":"imprint","status":"publish","type":"page","link":"https:\/\/www.renz-recht.de\/en\/imprint\/","title":{"rendered":"Imprint"},"content":{"rendered":"<p>[et_pb_section fb_built=&quot;1&quot; fullwidth=&quot;on&quot; _builder_version=&quot;4.16&quot; global_colors_info=&quot;{}&quot;][et_pb_fullwidth_header title=&quot;Imprint&quot; subhead=&quot;Request direct assistance from trademark lawyer Anne-Kathrin Renz from Saarbr\u00fccken.&quot; background_overlay_color=&quot;rgba(0,0,0,0.2)&quot; admin_label=&quot;Header&quot; module_class=&quot;renz-subpage-header&quot; _builder_version=&quot;4.23.1\u2033 title_font_size=&quot;80px&quot; background_color=&quot;#26173A&quot; background_image=\u201chttps:\/\/www.renz-recht.de\/wp-content\/uploads\/2019\/02\/renz-legal-header.jpg\u201c parallax=\u201con\u201c parallax_method=\u201con\u201c custom_padding=\u201c4%||9%|\u201c custom_padding_tablet=\u201c4%||4%|\u201c custom_padding_phone=\u201c\u201c custom_padding_last_edited=\u201con|tablet\u201c title_font_size_tablet=\u201c60px\u201c title_font_size_phone=\u201c40px\u201c title_font_size_last_edited=\u201con|tablet\u201c z_index_tablet=\u201c500\u2033 title_text_shadow_horizontal_length_tablet=\u201c0px\u201c title_text_shadow_vertical_length_tablet=\u201c0px\u201c title_text_shadow_blur_strength_tablet=\u201c1px\u201c content_text_shadow_horizontal_length_tablet=\u201c0px\u201c content_text_shadow_vertical_length_tablet=\u201c0px\u201c content_text_shadow_blur_strength_tablet=\u201c1px\u201c subhead_text_shadow_horizontal_length_tablet=\u201c0px\u201c subhead_text_shadow_vertical_length_tablet=\u201c0px\u201c subhead_text_shadow_blur_strength_tablet=\u201c1px\u201c content_link_text_shadow_horizontal_length_tablet=\u201c0px\u201c content_link_text_shadow_vertical_length_tablet=\u201c0px\u201c content_link_text_shadow_blur_strength_tablet=\u201c1px\u201c content_ul_text_shadow_horizontal_length_tablet=\u201c0px\u201c content_ul_text_shadow_vertical_length_tablet=\u201c0px\u201c content_ul_text_shadow_blur_strength_tablet=\u201c1px\u201c content_ol_text_shadow_horizontal_length_tablet=\u201c0px\u201c content_ol_text_shadow_vertical_length_tablet=\u201c0px\u201c content_ol_text_shadow_blur_strength_tablet=\u201c1px\u201c content_quote_text_shadow_horizontal_length_tablet=\u201c0px\u201c content_quote_text_shadow_vertical_length_tablet=\u201c0px\u201c content_quote_text_shadow_blur_strength_tablet=\u201c1px\u201c button_one_text_shadow_horizontal_length_tablet=\u201c0px\u201c button_one_text_shadow_vertical_length_tablet=\u201c0px\u201c button_one_text_shadow_blur_strength_tablet=\u201c1px\u201c button_two_text_shadow_horizontal_length_tablet=\u201c0px\u201c button_two_text_shadow_vertical_length_tablet=\u201c0px\u201c button_two_text_shadow_blur_strength_tablet=\u201c1px\u201c box_shadow_horizontal_tablet=\u201c0px\u201c box_shadow_vertical_tablet=\u201c0px\u201c box_shadow_blur_tablet=\u201c40px\u201c box_shadow_spread_tablet=\u201c0px\u201c box_shadow_horizontal_image_tablet=\u201c0px\u201c box_shadow_vertical_image_tablet=\u201c0px\u201c box_shadow_blur_image_tablet=\u201c40px\u201c box_shadow_spread_image_tablet=\u201c0px\u201c box_shadow_horizontal_button_one_tablet=\u201c0px\u201c box_shadow_vertical_button_one_tablet=\u201c0px\u201c box_shadow_blur_button_one_tablet=\u201c40px\u201c box_shadow_spread_button_one_tablet=\u201c0px\u201c box_shadow_horizontal_button_two_tablet=\u201c0px\u201c box_shadow_vertical_button_two_tablet=\u201c0px\u201c box_shadow_blur_button_two_tablet=\u201c40px\u201c box_shadow_spread_button_two_tablet=\u201c0px\u201c text_shadow_horizontal_length_tablet=\u201c0px\u201c text_shadow_vertical_length_tablet=&quot;0px&quot; text_shadow_blur_strength_tablet=\u201c1px\u201c global_module=\u201c214\u2033 saved_tabs=\u201call\u201c global_colors_info=\u201c{}\u201c][\/et_pb_fullwidth_header][\/et_pb_section][et_pb_section fb_built=\u201c1\u2033 custom_padding_last_edited=\u201con|phone\u201c admin_label=\u201cBreadcrumb\u201c _builder_version=\u201c4.22.1\u2033 background_color=\u201c#eeeeee\u201c min_height=\u201c112.2px\u201c custom_padding=\u201c16px||16px|\u201c custom_padding_tablet=\u201c\u201c custom_padding_phone=\u201c\u201c global_module=\u201c161\u2033 collapsed=\u201coff\u201c global_colors_info=\u201c{}\u201c][et_pb_row _builder_version=\u201c4.16\u2033 collapsed=\u201coff\u201c global_colors_info=\u201c{}\u201c][et_pb_column type=\u201c4_4\u2033 _builder_version=\u201c4.16\u2033 custom_padding=\u201c|||\u201c global_colors_info=\u201c{}\u201c custom_padding__hover=\u201c|||\u201c][\/et_pb_column][\/et_pb_row][\/et_pb_section][et_pb_section fb_built=\u201c1\u2033 custom_padding_last_edited=\u201con|tablet\u201c _builder_version=\u201c4.16\u2033 custom_padding=&quot;90px||90px|&quot; custom_padding_tablet=\u201c9%||9%|\u201c custom_padding_phone=\u201c\u201c global_colors_info=\u201c{}\u201c][et_pb_row column_structure=\u201c1_3,2_3\u2033 _builder_version=\u201c4.16\u2033 global_colors_info=\u201c{}\u201c][et_pb_column type=\u201c1_3\u2033 _builder_version=\u201c4.16\u2033 custom_padding=\u201c|90px||\u201c custom_padding_tablet=\u201c|0px|4%|\u201c custom_padding_phone=\u201c\u201c custom_padding_last_edited=\u201con|phone\u201c global_colors_info=\u201c{}\u201c custom_padding__hover=\u201c|||\u201c][et_pb_text _builder_version=\u201c4.21.0\u2033 z_index_tablet=\u201c500\u2033 text_text_shadow_horizontal_length_tablet=\u201c0px\u201c text_text_shadow_vertical_length_tablet=&quot;0px&quot; text_text_shadow_blur_strength_tablet=&quot;1px&quot; link_text_shadow_horizontal_length_tablet=&quot;0px&quot; link_text_shadow_vertical_length_tablet=&quot;0px&quot; link_text_shadow_blur_strength_tablet=&quot;1px&quot; ul_text_shadow_horizontal_length_tablet=&quot;0px&quot; ul_text_shadow_vertical_length_tablet=\u201c0px\u201c ul_text_shadow_blur_strength_tablet=\u201c1px\u201c ol_text_shadow_horizontal_length_tablet=\u201c0px\u201c ol_text_shadow_vertical_length_tablet=\u201c0px\u201c ol_text_shadow_blur_strength_tablet=\u201c1px\u201c quote_text_shadow_horizontal_length_tablet=\u201c0px\u201c quote_text_shadow_vertical_length_tablet=\u201c0px\u201c quote_text_shadow_blur_strength_tablet=\u201c1px\u201c header_text_shadow_horizontal_length_tablet=\u201c0px\u201c header_text_shadow_vertical_length_tablet=\u201c0px\u201c header_text_shadow_blur_strength_tablet=\u201c1px\u201c header_2_text_shadow_horizontal_length_tablet=\u201c0px\u201c header_2_text_shadow_vertical_length_tablet=\u201c0px\u201c header_2_text_shadow_blur_strength_tablet=\u201c1px\u201c header_3_text_shadow_horizontal_length_tablet=\u201c0px\u201c header_3_text_shadow_vertical_length_tablet=\u201c0px\u201c header_3_text_shadow_blur_strength_tablet=\u201c1px\u201c header_4_text_shadow_horizontal_length_tablet=\u201c0px\u201c header_4_text_shadow_vertical_length_tablet=\u201c0px\u201c header_4_text_shadow_blur_strength_tablet=\u201c1px\u201c header_5_text_shadow_horizontal_length_tablet=\u201c0px\u201c header_5_text_shadow_vertical_length_tablet=\u201c0px\u201c header_5_text_shadow_blur_strength_tablet=\u201c1px\u201c header_6_text_shadow_horizontal_length_tablet=\u201c0px\u201c header_6_text_shadow_vertical_length_tablet=\u201c0px\u201c header_6_text_shadow_blur_strength_tablet=\u201c1px\u201c box_shadow_horizontal_tablet=\u201c0px\u201c box_shadow_vertical_tablet=\u201c0px\u201c box_shadow_blur_tablet=\u201c40px\u201c box_shadow_spread_tablet=\u201c0px\u201c global_colors_info=\u201c{}\u201c]<\/p>\n<p>Attorney Anne-Kathrin Renz<br \/>Altenkesseler Stra\u00dfe 17<br \/>Innovation Campus \/\/ Building C1<br \/>66115 Saarbr\u00fccken<br \/>Phone: <a href=\"tel:+4968195810588\">00 49 681- 95 81 05 88<\/a><br \/>Email: <a href=\"\/en\/m&\/#97;&#105;&#x6c;&#x74;&#x6f;&#x3a;i&#110;&#102;&#111;&#x40;&#x72;&#x65;nz&#45;&#114;&#x65;&#x63;&#x68;t&#46;&#100;&#101;\">info@renz-recht.de<\/a><br \/>VAT number: DE 29 87 51 870<\/p>\n<p>[\/et_pb_text][\/et_pb_column][et_pb_column type=\u201c2_3\u2033 _builder_version=\u201c4.16\u2033 custom_padding=\u201c|||\u201c global_colors_info=\u201c{}\u201c custom_padding__hover=\u201c|||\u201c][et_pb_blurb title=\u201cResponsible for journalistic-editorial contents: Anne-Kathrin Renz\u201c content_max_width=\u201c100%\u201c _builder_version=\u201c4.23.1\u2033 header_level=\u201ch3\u2033 header_font_size=\u201c27px\u201c header_line_height=\u201c1.3em\u201c body_font_size=\u201c16\u2033 body_line_height=\u201c1.3em\u201c custom_margin=\u201c||45px|\u201c header_font_size_tablet=\u201c\u201c header_font_size_phone=\u201c18\u2033 header_font_size_last_edited=\u201con|phone\u201c z_index_tablet=\u201c500\u2033 header_text_shadow_horizontal_length_tablet=\u201c0px\u201c header_text_shadow_vertical_length_tablet=\u201c0px\u201c header_text_shadow_blur_strength_tablet=\u201c1px\u201c body_text_shadow_horizontal_length_tablet=\u201c0px\u201c body_text_shadow_vertical_length_tablet=\u201c0px\u201c body_text_shadow_blur_strength_tablet=\u201c1px\u201c body_link_text_shadow_horizontal_length_tablet=\u201c0px\u201c body_link_text_shadow_vertical_length_tablet=\u201c0px\u201c body_link_text_shadow_blur_strength_tablet=\u201c1px\u201c body_ul_text_shadow_horizontal_length_tablet=\u201c0px\u201c body_ul_text_shadow_vertical_length_tablet=\u201c0px\u201c body_ul_text_shadow_blur_strength_tablet=\u201c1px\u201c body_ol_text_shadow_horizontal_length_tablet=\u201c0px\u201c body_ol_text_shadow_vertical_length_tablet=\u201c0px\u201c body_ol_text_shadow_blur_strength_tablet=\u201c1px\u201c body_quote_text_shadow_horizontal_length_tablet=\u201c0px\u201c body_quote_text_shadow_vertical_length_tablet=\u201c0px\u201c body_quote_text_shadow_blur_strength_tablet=\u201c1px\u201c box_shadow_horizontal_tablet=\u201c0px\u201c box_shadow_vertical_tablet=\u201c0px\u201c box_shadow_blur_tablet=\u201c40px\u201c box_shadow_spread_tablet=\u201c0px\u201c box_shadow_horizontal_image_tablet=\u201c0px\u201c box_shadow_vertical_image_tablet=\u201c0px\u201c box_shadow_blur_image_tablet=\u201c40px\u201c box_shadow_spread_image_tablet=\u201c0px\u201c text_shadow_horizontal_length_tablet=\u201c0px\u201c text_shadow_vertical_length_tablet=\u201c0px\u201c text_shadow_blur_strength_tablet=\u201c1px\u201c global_module=\u201c204\u2033 saved_tabs=\u201call\u201c global_colors_info=\u201c{}\u201c]<\/p>\n<p>Anne-Kathrin Renz is admitted as an attorney in the Federal Republic of Germany and is registered with the Saarland Bar Association, Am Schlo\u00dfberg 5, 66119 Saarbr\u00fccken.<\/p>\n<p>The following rules and professional regulations, which can be viewed on the website of the national bar association (<a href=\"http:\/\/www.brak.de\">www.brak.de<\/a>), apply concerning the attorneys&#039; work within the Federal Republic of Germany:<\/p>\n<p>Federal Lawyers\u2019 Act \u2013 BRAO<br \/>Professional Code of Conduct for Lawyers \u2013 BORA<br \/>Specialist Lawyers Act \u2013 FAO<br \/>Federal Fee Schedule \u2013 BRAGO<br \/>Lawyers\u2019 Remuneration Act \u2013 RVG<br \/>Professional rules of the lawyers of the European Union \u2013 CCBE<br \/>Professional liability insurance<br \/>ERGO Versicherungs AG, Am Victoria-Turm 2, 68163 Mannheim<\/p>\n<p>All legal services are covered. There are no limitations to the territorial validity.<br \/>Anne-Kathrin Renz is neither willing nor obliged to take part in a dispute settlement procedure in front of a consumer arbitration board.<br \/>in the event of disputes between attorneys and their clients, the option of alternative dispute resolution may be requested at the arbitration board:<br \/>Arbitration Board of the Bar, Rauchstr. 26, 10787 Berlin,\u00a0<a href=\"http:\/\/www.s-d-r.org\">http:\/\/www.s-d-r.org<\/a>, Email:<a href=\"\/en\/&\/#x6d;&#97;&#105;&#x6c;&#x74;&#111;&#58;&#x73;&#x63;&#104;&#108;&#x69;&#x63;&#104;&#116;&#x75;&#x6e;&#103;&#115;&#x73;&#x74;&#101;&#108;&#x6c;&#x65;&#64;&#115;&#x2d;&#x64;&#45;&#114;&#x2e;&#x64;&#101;\">schlichtungsstelle@sdr.de<\/a>.<\/p>\n<p>[\/et_pb_blurb]Edit body_line_height=\u201c1.3em\u201c custom_margin=\u201c||45px|\u201c header_font_size_tablet=\u201c\u201c header_font_size_phone=\u201c18\u2033 header_font_size_last_edited=\u201con|phone\u201c z_index_tablet=\u201c500\u2033 header_text_shadow_horizontal_length_tablet=\u201c0px\u201c header_text_shadow_vertical_length_tablet=\u201c0px\u201c header_text_shadow_blur_strength_tablet=\u201c1px\u201c body_text_shadow_horizontal_length_tablet=\u201c0px\u201c body_text_shadow_vertical_length_tablet=\u201c0px\u201c body_text_shadow_blur_strength_tablet=\u201c1px\u201c body_link_text_shadow_horizontal_length_tablet=\u201c0px\u201c body_link_text_shadow_vertical_length_tablet=\u201c0px\u201c body_link_text_shadow_blur_strength_tablet=\u201c1px\u201c body_ul_text_shadow_horizontal_length_tablet=\u201c0px\u201c body_ul_text_shadow_vertical_length_tablet=\u201c0px\u201c body_ul_text_shadow_blur_strength_tablet=\u201c1px\u201c body_ol_text_shadow_horizontal_length_tablet=\u201c0px\u201c body_ol_text_shadow_vertical_length_tablet=\u201c0px\u201c body_ol_text_shadow_blur_strength_tablet=\u201c1px\u201c body_quote_text_shadow_horizontal_length_tablet=\u201c0px\u201c body_quote_text_shadow_vertical_length_tablet=\u201c0px\u201c body_quote_text_shadow_blur_strength_tablet=\u201c1px\u201c box_shadow_horizontal_tablet=\u201c0px\u201c box_shadow_vertical_tablet=\u201c0px\u201c box_shadow_blur_tablet=\u201c40px\u201c box_shadow_spread_tablet=\u201c0px\u201c box_shadow_horizontal_image_tablet=\u201c0px\u201c box_shadow_vertical_image_tablet=\u201c0px\u201c box_shadow_blur_image_tablet=\u201c40px\u201c box_shadow_spread_image_tablet=\u201c0px\u201c text_shadow_horizontal_length_tablet=\u201c0px\u201c text_shadow_vertical_length_tablet=\u201c0px\u201c text_shadow_blur_strength_tablet=\u201c1px\u201c global_module=\u201c204\u2033 saved_tabs=\u201call\u201c global_colors_info=\u201c{}\u201c]<\/p>\n<p>\u00a9 shutterstock\/pressmaster<br \/> \u00a9 shutterstock\/Andrey_Popov<\/p>\n<p>[\/et_pb_blurb][\/et_pb_column][\/et_pb_row][\/et_pb_section]<\/p>","protected":false},"excerpt":{"rendered":"<p>Attorney Anne-Kathrin RenzAltenkesseler Stra\u00dfe 17Innovationscampus \/\/ Building C166115 Saarbr\u00fcckenPhone: 00 49 681- 95 81 05 88Mail: &#x69;&#x6e;&#x66;&#111;&#64;re&#x6e;&#x7a;&#x2d;&#114;&#101;ch&#x74;&#x2e;&#x64;&#101;&#86;AT number: DE 29 87 51 870Anne-Kathrin Renz is admitted as an attorney in the Federal Republic of Germany and is registered with the Saarland Bar Association, Am Schlo\u00dfberg 5, 66119 Saarbr\u00fccken. The following rules and professional regulations, which [&hellip;]<\/p>","protected":false},"author":1,"featured_media":0,"parent":0,"menu_order":0,"comment_status":"closed","ping_status":"closed","template":"","meta":{"_et_pb_use_builder":"on","_et_pb_old_content":"","_et_gb_content_width":"","inline_featured_image":false,"footnotes":""},"class_list":["post-745","page","type-page","status-publish","hentry"],"aioseo_notices":[],"aioseo_head":"\n\t\t<!-- All in One SEO Pro 4.9.6.2 - aioseo.com -->\n\t<link rel=\"canonical\" href=\"https:\/\/www.renz-recht.de\/en\/et_pb_layout\/headline-subline_modul\/\" \/>\n\t<meta name=\"generator\" content=\"All in One SEO Pro (AIOSEO) 4.9.6.2\" \/>\n\t\t<meta property=\"og:locale\" content=\"en_US\" \/>\n\t\t<meta property=\"og:site_name\" content=\"Renz Recht - Anwalt Markenrecht Urheberrecht Saarbr\u00fccken - Rechtsanw\u00e4ltin Anne-Kathrin Renz\" \/>\n\t\t<meta property=\"og:type\" content=\"article\" \/>\n\t\t<meta property=\"og:title\" content=\"H2 \u00dcberschrift (zentriert) mit Subtext - Renz Recht - Anwalt Markenrecht Urheberrecht Saarbr\u00fccken\" \/>\n\t\t<meta property=\"og:url\" content=\"https:\/\/www.renz-recht.de\/en\/et_pb_layout\/headline-subline_modul\/\" \/>\n\t\t<meta property=\"article:published_time\" content=\"2019-02-05T07:35:11+00:00\" \/>\n\t\t<meta property=\"article:modified_time\" content=\"2024-04-03T14:27:11+00:00\" \/>\n\t\t<meta name=\"twitter:card\" content=\"summary_large_image\" \/>\n\t\t<meta name=\"twitter:title\" content=\"H2 \u00dcberschrift (zentriert) mit Subtext - Renz Recht - Anwalt Markenrecht Urheberrecht Saarbr\u00fccken\" \/>\n\t\t<script type=\"application\/ld+json\" class=\"aioseo-schema\">\n\t\t\t{\"@context\":\"https:\\\/\\\/schema.org\",\"@graph\":[{\"@type\":\"BreadcrumbList\",\"@id\":\"https:\\\/\\\/www.renz-recht.de\\\/en\\\/et_pb_layout\\\/headline-subline_modul\\\/#breadcrumblist\",\"itemListElement\":[{\"@type\":\"ListItem\",\"@id\":\"https:\\\/\\\/www.renz-recht.de\\\/en#listItem\",\"position\":1,\"name\":\"Home\",\"item\":\"https:\\\/\\\/www.renz-recht.de\\\/en\",\"nextItem\":{\"@type\":\"ListItem\",\"@id\":\"https:\\\/\\\/www.renz-recht.de\\\/en\\\/imprint\\\/#listItem\",\"name\":\"Imprint\"}},{\"@type\":\"ListItem\",\"@id\":\"https:\\\/\\\/www.renz-recht.de\\\/en\\\/imprint\\\/#listItem\",\"position\":2,\"name\":\"Imprint\",\"previousItem\":{\"@type\":\"ListItem\",\"@id\":\"https:\\\/\\\/www.renz-recht.de\\\/en#listItem\",\"name\":\"Home\"}}]},{\"@type\":\"Organization\",\"@id\":\"https:\\\/\\\/www.renz-recht.de\\\/en\\\/#organization\",\"name\":\"Rechtsanw\\u00e4ltin Anne-Kathrin Renz Saarbr\\u00fccken\",\"description\":\"Rechtsanw\\u00e4ltin Anne-Kathrin Renz\",\"url\":\"https:\\\/\\\/www.renz-recht.de\\\/en\\\/\",\"telephone\":\"+4968195810588\",\"logo\":{\"@type\":\"ImageObject\",\"url\":\"https:\\\/\\\/www.renz-recht.de\\\/wp-content\\\/uploads\\\/2023\\\/11\\\/logo-renz-recht_sw.svg\",\"@id\":\"https:\\\/\\\/www.renz-recht.de\\\/en\\\/et_pb_layout\\\/headline-subline_modul\\\/#organizationLogo\"},\"image\":{\"@id\":\"https:\\\/\\\/www.renz-recht.de\\\/en\\\/et_pb_layout\\\/headline-subline_modul\\\/#organizationLogo\"}},{\"@type\":\"WebPage\",\"@id\":\"https:\\\/\\\/www.renz-recht.de\\\/en\\\/et_pb_layout\\\/headline-subline_modul\\\/#webpage\",\"url\":\"https:\\\/\\\/www.renz-recht.de\\\/en\\\/et_pb_layout\\\/headline-subline_modul\\\/\",\"name\":\"H2 \\u00dcberschrift (zentriert) mit Subtext - Renz Recht - Anwalt Markenrecht Urheberrecht Saarbr\\u00fccken\",\"inLanguage\":\"en-US\",\"isPartOf\":{\"@id\":\"https:\\\/\\\/www.renz-recht.de\\\/en\\\/#website\"},\"breadcrumb\":{\"@id\":\"https:\\\/\\\/www.renz-recht.de\\\/en\\\/et_pb_layout\\\/headline-subline_modul\\\/#breadcrumblist\"},\"datePublished\":\"2019-02-05T08:35:11+01:00\",\"dateModified\":\"2024-04-03T16:27:11+02:00\"},{\"@type\":\"WebSite\",\"@id\":\"https:\\\/\\\/www.renz-recht.de\\\/en\\\/#website\",\"url\":\"https:\\\/\\\/www.renz-recht.de\\\/en\\\/\",\"name\":\"Rechtsanw\\u00e4ltin Anne-Kathrin Renz Saarbr\\u00fccken\",\"alternateName\":\"Rechtsanw\\u00e4ltin Markenrecht Saarbr\\u00fccken\",\"description\":\"Rechtsanw\\u00e4ltin Anne-Kathrin Renz\",\"inLanguage\":\"en-US\",\"publisher\":{\"@id\":\"https:\\\/\\\/www.renz-recht.de\\\/en\\\/#organization\"}}]}\n\t\t<\/script>\n\t\t<!-- All in One SEO Pro -->\r\n\t\t<title>H2 \u00dcberschrift (zentriert) mit Subtext - Renz Recht - Anwalt Markenrecht Urheberrecht Saarbr\u00fccken<\/title>\n\n","aioseo_head_json":{"title":"H2 heading (centered) with subtext - Renz Law - Lawyer for Trademark and Copyright Law, Saarbr\u00fccken","description":"","canonical_url":"https:\/\/www.renz-recht.de\/en\/et_pb_layout\/headline-subline_modul\/","robots":"","keywords":"","webmasterTools":{"miscellaneous":""},"schema":{"@context":"https:\/\/schema.org","@graph":[{"@type":"BreadcrumbList","@id":"https:\/\/www.renz-recht.de\/en\/et_pb_layout\/headline-subline_modul\/#breadcrumblist","itemListElement":[{"@type":"ListItem","@id":"https:\/\/www.renz-recht.de\/en#listItem","position":1,"name":"Home","item":"https:\/\/www.renz-recht.de\/en","nextItem":{"@type":"ListItem","@id":"https:\/\/www.renz-recht.de\/en\/imprint\/#listItem","name":"Imprint"}},{"@type":"ListItem","@id":"https:\/\/www.renz-recht.de\/en\/imprint\/#listItem","position":2,"name":"Imprint","previousItem":{"@type":"ListItem","@id":"https:\/\/www.renz-recht.de\/en#listItem","name":"Home"}}]},{"@type":"Organization","@id":"https:\/\/www.renz-recht.de\/en\/#organization","name":"Rechtsanw\u00e4ltin Anne-Kathrin Renz Saarbr\u00fccken","description":"Rechtsanw\u00e4ltin Anne-Kathrin Renz","url":"https:\/\/www.renz-recht.de\/en\/","telephone":"+4968195810588","logo":{"@type":"ImageObject","url":"https:\/\/www.renz-recht.de\/wp-content\/uploads\/2023\/11\/logo-renz-recht_sw.svg","@id":"https:\/\/www.renz-recht.de\/en\/et_pb_layout\/headline-subline_modul\/#organizationLogo"},"image":{"@id":"https:\/\/www.renz-recht.de\/en\/et_pb_layout\/headline-subline_modul\/#organizationLogo"}},{"@type":"WebPage","@id":"https:\/\/www.renz-recht.de\/en\/et_pb_layout\/headline-subline_modul\/#webpage","url":"https:\/\/www.renz-recht.de\/en\/et_pb_layout\/headline-subline_modul\/","name":"H2 \u00dcberschrift (zentriert) mit Subtext - Renz Recht - Anwalt Markenrecht Urheberrecht Saarbr\u00fccken","inLanguage":"en-US","isPartOf":{"@id":"https:\/\/www.renz-recht.de\/en\/#website"},"breadcrumb":{"@id":"https:\/\/www.renz-recht.de\/en\/et_pb_layout\/headline-subline_modul\/#breadcrumblist"},"datePublished":"2019-02-05T08:35:11+01:00","dateModified":"2024-04-03T16:27:11+02:00"},{"@type":"WebSite","@id":"https:\/\/www.renz-recht.de\/en\/#website","url":"https:\/\/www.renz-recht.de\/en\/","name":"Rechtsanw\u00e4ltin Anne-Kathrin Renz Saarbr\u00fccken","alternateName":"Rechtsanw\u00e4ltin Markenrecht Saarbr\u00fccken","description":"Rechtsanw\u00e4ltin Anne-Kathrin Renz","inLanguage":"en-US","publisher":{"@id":"https:\/\/www.renz-recht.de\/en\/#organization"}}]},"og:locale":"en_US","og:site_name":"Renz Recht - Anwalt Markenrecht Urheberrecht Saarbr\u00fccken - Rechtsanw\u00e4ltin Anne-Kathrin Renz","og:type":"article","og:title":"H2 \u00dcberschrift (zentriert) mit Subtext - Renz Recht - Anwalt Markenrecht Urheberrecht Saarbr\u00fccken","og:url":"https:\/\/www.renz-recht.de\/en\/et_pb_layout\/headline-subline_modul\/","article:published_time":"2019-02-05T07:35:11+00:00","article:modified_time":"2024-04-03T14:27:11+00:00","twitter:card":"summary_large_image","twitter:title":"H2 \u00dcberschrift (zentriert) mit Subtext - Renz Recht - Anwalt Markenrecht Urheberrecht Saarbr\u00fccken"},"aioseo_meta_data":{"post_id":"745","title":null,"description":null,"keywords":null,"keyphrases":{"focus":{"keyphrase":"","score":0,"analysis":{"keyphraseInTitle":{"score":0,"maxScore":9,"error":1}}},"additional":[]},"primary_term":null,"canonical_url":null,"og_title":null,"og_description":null,"og_object_type":"default","og_image_type":"default","og_image_url":null,"og_image_width":null,"og_image_height":null,"og_image_custom_url":null,"og_image_custom_fields":null,"og_video":"","og_custom_url":null,"og_article_section":null,"og_article_tags":null,"twitter_use_og":false,"twitter_card":"default","twitter_image_type":"default","twitter_image_url":null,"twitter_image_custom_url":null,"twitter_image_custom_fields":null,"twitter_title":null,"twitter_description":null,"schema":{"blockGraphs":[],"customGraphs":[],"default":{"data":{"Article":[],"Course":[],"Dataset":[],"FAQPage":[],"Movie":[],"Person":[],"Product":[],"ProductReview":[],"Car":[],"Recipe":[],"Service":[],"SoftwareApplication":[],"WebPage":[]},"graphName":"WebPage","isEnabled":true},"graphs":[]},"schema_type":"default","schema_type_options":null,"pillar_content":false,"robots_default":true,"robots_noindex":false,"robots_noarchive":false,"robots_nosnippet":false,"robots_nofollow":false,"robots_noimageindex":false,"robots_noodp":false,"robots_notranslate":false,"robots_max_snippet":"-1","robots_max_videopreview":"-1","robots_max_imagepreview":"large","priority":null,"frequency":"default","local_seo":null,"seo_analyzer_scan_date":"2025-10-08 21:02:52","breadcrumb_settings":null,"limit_modified_date":false,"open_ai":"{\"title\":{\"suggestions\":[],\"usage\":0},\"description\":{\"suggestions\":[],\"usage\":0}}","ai":null,"created":"2023-11-12 10:50:08","updated":"2025-10-22 08:23:55"},"aioseo_breadcrumb":"<div class=\"aioseo-breadcrumbs\"><span class=\"aioseo-breadcrumb\">\n\t<a href=\"https:\/\/www.renz-recht.de\/en\" title=\"Home\">Home<\/a>\n<\/span><span class=\"aioseo-breadcrumb-separator\">&raquo;<\/span><span class=\"aioseo-breadcrumb\">\n\tImprint\n<\/span><\/div>","aioseo_breadcrumb_json":[{"label":"Home","link":"https:\/\/www.renz-recht.de\/en"},{"label":"Imprint","link":"https:\/\/www.renz-recht.de\/en\/imprint\/"}],"_links":{"self":[{"href":"https:\/\/www.renz-recht.de\/en\/wp-json\/wp\/v2\/pages\/745","targetHints":{"allow":["GET"]}}],"collection":[{"href":"https:\/\/www.renz-recht.de\/en\/wp-json\/wp\/v2\/pages"}],"about":[{"href":"https:\/\/www.renz-recht.de\/en\/wp-json\/wp\/v2\/types\/page"}],"author":[{"embeddable":true,"href":"https:\/\/www.renz-recht.de\/en\/wp-json\/wp\/v2\/users\/1"}],"replies":[{"embeddable":true,"href":"https:\/\/www.renz-recht.de\/en\/wp-json\/wp\/v2\/comments?post=745"}],"version-history":[{"count":2,"href":"https:\/\/www.renz-recht.de\/en\/wp-json\/wp\/v2\/pages\/745\/revisions"}],"predecessor-version":[{"id":3205,"href":"https:\/\/www.renz-recht.de\/en\/wp-json\/wp\/v2\/pages\/745\/revisions\/3205"}],"wp:attachment":[{"href":"https:\/\/www.renz-recht.de\/en\/wp-json\/wp\/v2\/media?parent=745"}],"curies":[{"name":"wp","href":"https:\/\/api.w.org\/{rel}","templated":true}]}}