{"id":1633,"date":"2022-01-25T09:02:31","date_gmt":"2022-01-25T08:02:31","guid":{"rendered":"https:\/\/www.renz-recht.de\/?page_id=1633"},"modified":"2022-01-25T09:02:31","modified_gmt":"2022-01-25T08:02:31","slug":"privacy-notice-zoom","status":"publish","type":"page","link":"https:\/\/www.renz-recht.de\/en\/privacy-notice-zoom\/","title":{"rendered":"Zoom privacy notice"},"content":{"rendered":"<h1>Data protection information for online meetings, telephone conferences and webinars via \u201cZoom\u201d<\/h1>\n<p>&nbsp;<\/p>\n<p>&nbsp;<\/p>\n<p>We would like to inform you below about the processing of personal data in connection with the use of <strong>&quot;Zoom&quot;<\/strong> inform.<\/p>\n<h2><\/h2>\n<h2>Purpose of processing<\/h2>\n<p>&nbsp;<\/p>\n<p>We use the tool &quot;Zoom&quot; to conduct telephone conferences, online meetings, video conferences, and\/or webinars (hereinafter: &quot;online meetings&quot;). &quot;Zoom&quot; is a service provided by Zoom Video Communications, Inc., which is based in the USA.<\/p>\n<p><strong>\u00a0<\/strong><\/p>\n<h2>Person responsible<\/h2>\n<p><strong>\u00a0<\/strong><\/p>\n<p><strong>Person responsible<\/strong> for data processing that is directly related to the conduct of \u201conline meetings\u201d is<\/p>\n<p>Attorney Anne-Kathrin Renz<\/p>\n<p>Sch\u00fctzenstra\u00dfe 3-5<\/p>\n<p>66123 Saarbr\u00fccken<\/p>\n<p>0681 95 81 05 88<\/p>\n<p>renz@renz-recht.de<\/p>\n<p>&nbsp;<\/p>\n<p>&nbsp;<\/p>\n<p><strong>A notice:<\/strong> If you access the Zoom website, the Zoom provider is responsible for data processing. However, accessing the website is only necessary to download the software for using Zoom.<\/p>\n<p>&nbsp;<\/p>\n<p>You can also use \u201cZoom\u201d if you enter the respective meeting ID and, if necessary, other access data for the meeting directly in the \u201cZoom\u201d app.<\/p>\n<p>&nbsp;<\/p>\n<p>If you do not want or cannot use the Zoom app, the basic functions can also be used via a browser version, which you can also find on the Zoom website.<\/p>\n<p>&nbsp;<\/p>\n<p>&nbsp;<\/p>\n<h2>What data is processed?<\/h2>\n<p>&nbsp;<\/p>\n<p>When using Zoom, various types of data are processed. The extent of the data also depends on the information you provide before or during your participation in an online meeting.<\/p>\n<p>&nbsp;<\/p>\n<p>The following personal data are subject to processing:<\/p>\n<p>&nbsp;<\/p>\n<p><strong>User information: <\/strong>First name, last name, telephone (optional), email address, password (if single sign-on is not used), profile picture (optional),<\/p>\n<p>Department (optional)<\/p>\n<p><strong>Meeting metadata:<\/strong> Topic, description (optional), participant IP addresses, device\/hardware information<\/p>\n<p>&nbsp;<\/p>\n<p><strong>For recordings (optional):<\/strong> MP4 file of all video, audio and presentation recordings, M4A file of all audio recordings, text file of the online meeting chat.<\/p>\n<p>&nbsp;<\/p>\n<p><strong>When dialing in by phone:<\/strong> Information about the incoming and outgoing phone number, country name, start and end time. Additional connection data such as the device&#039;s IP address may be stored.<\/p>\n<p>&nbsp;<\/p>\n<p><strong>Text, audio and video data: <\/strong>You may have the option to use the chat, question, or survey functions in an online meeting. The text entries you make will be processed to display them in the online meeting and, if necessary, to log them. To enable video display and audio playback, the data from your device&#039;s microphone and any video camera on the device will be processed accordingly for the duration of the meeting. You can turn off or mute the camera or microphone yourself at any time via the Zoom application.<\/p>\n<p>&nbsp;<\/p>\n<p>To participate in an \u201conline meeting\u201d or to enter the \u201cmeeting room\u201d, you must at least provide your name.<\/p>\n<p>&nbsp;<\/p>\n<h2><\/h2>\n<h2>Scope of processing<\/h2>\n<p>&nbsp;<\/p>\n<p>We use Zoom to conduct online meetings. If we plan to record online meetings, we will transparently inform you in advance and, where necessary, ask for your consent. The fact that the meeting is being recorded will also be displayed in the Zoom app.<\/p>\n<p>&nbsp;<\/p>\n<p>If necessary for the purposes of recording the results of an online meeting, we will log the chat content. However, this will generally not be the case.<\/p>\n<p>&nbsp;<\/p>\n<p>In the case of webinars, we may also process questions asked by webinar participants for the purposes of recording and following up on webinars.<\/p>\n<p>&nbsp;<\/p>\n<p>If you are registered as a user with Zoom, reports on online meetings (meeting metadata, telephone dial-in data, questions and answers in webinars, poll function in webinars) may be stored by Zoom for up to one month.<\/p>\n<p><strong>\u00a0<\/strong><\/p>\n<p>Automated decision-making within the meaning of Art. 22 GDPR is not used.<\/p>\n<p>&nbsp;<\/p>\n<h2><\/h2>\n<h2>Legal basis for data processing<\/h2>\n<p>The legal basis for data processing when conducting \u201conline meetings\u201d is Art. 6 (1) (b) GDPR, provided that the meetings are conducted within the framework of contractual relationships.<\/p>\n<p>If no contractual relationship exists, the legal basis is Art. 6 (1) (f) GDPR. Here, too, our interest lies in the effective conduct of online meetings.<\/p>\n<p>&nbsp;<\/p>\n<h2>Recipient \/ transfer of data<\/h2>\n<p>Personal data processed in connection with participation in online meetings will generally not be shared with third parties unless specifically intended for sharing. Please note that content from online meetings, as with in-person meetings, is often used specifically to communicate information with customers, prospects, or third parties and is therefore intended for sharing.<\/p>\n<p>Other recipients: The provider of \u201cZoom\u201d necessarily receives knowledge of the above-mentioned data, insofar as this is provided for in our order processing agreement with \u201cZoom\u201d.<\/p>\n<p>&nbsp;<\/p>\n<h2>Data processing outside the European Union<\/h2>\n<p>&quot;Zoom&quot; is a service provided by a provider from the USA. Personal data is therefore also processed in a third country. We have concluded a data processing agreement with the provider of &quot;Zoom&quot; that complies with the requirements of Art. 28 GDPR.<\/p>\n<p>An appropriate level of data protection is guaranteed, on the one hand, by concluding the so-called EU standard contractual clauses. As additional protective measures, we have also configured our Zoom so that only data centers in the EU, the EEA, or secure third countries such as Canada or Japan are used for conducting online meetings.<\/p>\n<h2><\/h2>\n<h2>Your rights as a data subject<\/h2>\n<p>&nbsp;<\/p>\n<p>You have the right to <strong>Information<\/strong> about the personal data concerning you. You can contact us at any time for information.<\/p>\n<p>&nbsp;<\/p>\n<p>If you do not request information in writing, we ask for your understanding that we may require you to provide evidence that you are the person you claim to be.<\/p>\n<p>&nbsp;<\/p>\n<p>Furthermore, you have the right to <strong>Correction<\/strong> or <strong>deletion<\/strong> or on <strong>Restriction<\/strong> processing, to the extent that you are legally entitled to do so.<\/p>\n<p>Finally, you have a <strong>Right of objection<\/strong> against processing within the framework of the legal requirements.<\/p>\n<p>&nbsp;<\/p>\n<p>A right to <strong>Data portability<\/strong> also exists within the framework of data protection regulations.<\/p>\n<h2><\/h2>\n<h2>Deletion of data<\/h2>\n<p>&nbsp;<\/p>\n<p>We generally delete personal data when there is no longer a need for its continued storage. This may be necessary, in particular, if the data is still needed to fulfill contractual services, to verify, grant, or defend warranty and, if applicable, guarantee claims. In the case of statutory retention periods, deletion will only be considered after the respective retention period has expired.<\/p>\n<h2><\/h2>\n<h2>Right to lodge a complaint with a supervisory authority<\/h2>\n<p>&nbsp;<\/p>\n<p>You have the right to obtain information about the processing of personal data by us at <strong>supervisory authority<\/strong>to complain about data protection.<\/p>\n<h2><\/h2>\n<h2>Changes to this privacy policy<\/h2>\n<p>We will revise this privacy policy if changes to data processing occur or for other reasons that make this necessary. The most current version can always be found on this website.<\/p>\n<p>&nbsp;<\/p>","protected":false},"excerpt":{"rendered":"<p>Datenschutzhinweise f\u00fcr Online-Meetings, Telefonkonferenzen und Webinare via \u201eZoom\u201c &nbsp; &nbsp; Wir m\u00f6chten Sie nachfolgend \u00fcber die Verarbeitung personenbezogener Daten im Zusammenhang mit der Nutzung von \u201eZoom\u201c informieren. Zweck der Verarbeitung &nbsp; Wir nutzen das Tool \u201eZoom\u201c, um Telefonkonferenzen, Online-Meetings, Videokonferenzen und\/oder Webinare durchzuf\u00fchren (nachfolgend: \u201eOnline-Meetings\u201c). \u201eZoom\u201c ist ein Service der Zoom Video Communications, Inc., die [&hellip;]<\/p>","protected":false},"author":2,"featured_media":0,"parent":0,"menu_order":0,"comment_status":"closed","ping_status":"closed","template":"","meta":{"_et_pb_use_builder":"","_et_pb_old_content":"","_et_gb_content_width":"","inline_featured_image":false,"footnotes":""},"class_list":["post-1633","page","type-page","status-publish","hentry"],"aioseo_notices":[],"aioseo_head":"\n\t\t<!-- All in One SEO Pro 4.9.6.2 - aioseo.com -->\n\t<meta name=\"description\" content=\"Datenschutzhinweise f\u00fcr Online-Meetings, Telefonkonferenzen und Webinare via \u201eZoom\u201c Wir m\u00f6chten Sie nachfolgend \u00fcber die Verarbeitung personenbezogener Daten im Zusammenhang mit der Nutzung von \u201eZoom\u201c informieren. Zweck der Verarbeitung Wir nutzen das Tool \u201eZoom\u201c, um Telefonkonferenzen, Online-Meetings, Videokonferenzen und\/oder Webinare durchzuf\u00fchren (nachfolgend: \u201eOnline-Meetings\u201c). \u201eZoom\u201c ist ein Service der Zoom Video Communications, Inc., die\" \/>\n\t<meta name=\"robots\" content=\"max-image-preview:large\" \/>\n\t<link rel=\"canonical\" href=\"https:\/\/www.renz-recht.de\/en\/privacy-notice-zoom\/\" \/>\n\t<meta name=\"generator\" content=\"All in One SEO Pro (AIOSEO) 4.9.6.2\" \/>\n\t\t<meta property=\"og:locale\" content=\"en_US\" \/>\n\t\t<meta property=\"og:site_name\" content=\"Renz Recht - Anwalt Markenrecht Urheberrecht Saarbr\u00fccken - Rechtsanw\u00e4ltin Anne-Kathrin Renz\" \/>\n\t\t<meta property=\"og:type\" content=\"article\" \/>\n\t\t<meta property=\"og:title\" content=\"Datenschutzhinweis Zoom - Renz Recht - Anwalt Markenrecht Urheberrecht Saarbr\u00fccken\" \/>\n\t\t<meta property=\"og:description\" content=\"Datenschutzhinweise f\u00fcr Online-Meetings, Telefonkonferenzen und Webinare via \u201eZoom\u201c Wir m\u00f6chten Sie nachfolgend \u00fcber die Verarbeitung personenbezogener Daten im Zusammenhang mit der Nutzung von \u201eZoom\u201c informieren. Zweck der Verarbeitung Wir nutzen das Tool \u201eZoom\u201c, um Telefonkonferenzen, Online-Meetings, Videokonferenzen und\/oder Webinare durchzuf\u00fchren (nachfolgend: \u201eOnline-Meetings\u201c). \u201eZoom\u201c ist ein Service der Zoom Video Communications, Inc., die\" \/>\n\t\t<meta property=\"og:url\" content=\"https:\/\/www.renz-recht.de\/en\/privacy-notice-zoom\/\" \/>\n\t\t<meta property=\"article:published_time\" content=\"2022-01-25T08:02:31+00:00\" \/>\n\t\t<meta property=\"article:modified_time\" content=\"2022-01-25T08:02:31+00:00\" \/>\n\t\t<meta name=\"twitter:card\" content=\"summary_large_image\" \/>\n\t\t<meta name=\"twitter:title\" content=\"Datenschutzhinweis Zoom - Renz Recht - Anwalt Markenrecht Urheberrecht Saarbr\u00fccken\" \/>\n\t\t<meta name=\"twitter:description\" content=\"Datenschutzhinweise f\u00fcr Online-Meetings, Telefonkonferenzen und Webinare via \u201eZoom\u201c Wir m\u00f6chten Sie nachfolgend \u00fcber die Verarbeitung personenbezogener Daten im Zusammenhang mit der Nutzung von \u201eZoom\u201c informieren. Zweck der Verarbeitung Wir nutzen das Tool \u201eZoom\u201c, um Telefonkonferenzen, Online-Meetings, Videokonferenzen und\/oder Webinare durchzuf\u00fchren (nachfolgend: \u201eOnline-Meetings\u201c). \u201eZoom\u201c ist ein Service der Zoom Video Communications, Inc., die\" \/>\n\t\t<script type=\"application\/ld+json\" class=\"aioseo-schema\">\n\t\t\t{\"@context\":\"https:\\\/\\\/schema.org\",\"@graph\":[{\"@type\":\"BreadcrumbList\",\"@id\":\"https:\\\/\\\/www.renz-recht.de\\\/en\\\/privacy-notice-zoom\\\/#breadcrumblist\",\"itemListElement\":[{\"@type\":\"ListItem\",\"@id\":\"https:\\\/\\\/www.renz-recht.de\\\/en#listItem\",\"position\":1,\"name\":\"Home\",\"item\":\"https:\\\/\\\/www.renz-recht.de\\\/en\",\"nextItem\":{\"@type\":\"ListItem\",\"@id\":\"https:\\\/\\\/www.renz-recht.de\\\/en\\\/privacy-notice-zoom\\\/#listItem\",\"name\":\"Datenschutzhinweis Zoom\"}},{\"@type\":\"ListItem\",\"@id\":\"https:\\\/\\\/www.renz-recht.de\\\/en\\\/privacy-notice-zoom\\\/#listItem\",\"position\":2,\"name\":\"Datenschutzhinweis Zoom\",\"previousItem\":{\"@type\":\"ListItem\",\"@id\":\"https:\\\/\\\/www.renz-recht.de\\\/en#listItem\",\"name\":\"Home\"}}]},{\"@type\":\"Organization\",\"@id\":\"https:\\\/\\\/www.renz-recht.de\\\/en\\\/#organization\",\"name\":\"Rechtsanw\\u00e4ltin Anne-Kathrin Renz Saarbr\\u00fccken\",\"description\":\"Rechtsanw\\u00e4ltin Anne-Kathrin Renz\",\"url\":\"https:\\\/\\\/www.renz-recht.de\\\/en\\\/\",\"telephone\":\"+4968195810588\",\"logo\":{\"@type\":\"ImageObject\",\"url\":\"https:\\\/\\\/www.renz-recht.de\\\/wp-content\\\/uploads\\\/2023\\\/11\\\/logo-renz-recht_sw.svg\",\"@id\":\"https:\\\/\\\/www.renz-recht.de\\\/en\\\/privacy-notice-zoom\\\/#organizationLogo\"},\"image\":{\"@id\":\"https:\\\/\\\/www.renz-recht.de\\\/en\\\/privacy-notice-zoom\\\/#organizationLogo\"}},{\"@type\":\"WebPage\",\"@id\":\"https:\\\/\\\/www.renz-recht.de\\\/en\\\/privacy-notice-zoom\\\/#webpage\",\"url\":\"https:\\\/\\\/www.renz-recht.de\\\/en\\\/privacy-notice-zoom\\\/\",\"name\":\"Datenschutzhinweis Zoom - Renz Recht - Anwalt Markenrecht Urheberrecht Saarbr\\u00fccken\",\"description\":\"Datenschutzhinweise f\\u00fcr Online-Meetings, Telefonkonferenzen und Webinare via \\u201eZoom\\u201c Wir m\\u00f6chten Sie nachfolgend \\u00fcber die Verarbeitung personenbezogener Daten im Zusammenhang mit der Nutzung von \\u201eZoom\\u201c informieren. Zweck der Verarbeitung Wir nutzen das Tool \\u201eZoom\\u201c, um Telefonkonferenzen, Online-Meetings, Videokonferenzen und\\\/oder Webinare durchzuf\\u00fchren (nachfolgend: \\u201eOnline-Meetings\\u201c). \\u201eZoom\\u201c ist ein Service der Zoom Video Communications, Inc., die\",\"inLanguage\":\"en-US\",\"isPartOf\":{\"@id\":\"https:\\\/\\\/www.renz-recht.de\\\/en\\\/#website\"},\"breadcrumb\":{\"@id\":\"https:\\\/\\\/www.renz-recht.de\\\/en\\\/privacy-notice-zoom\\\/#breadcrumblist\"},\"datePublished\":\"2022-01-25T09:02:31+01:00\",\"dateModified\":\"2022-01-25T09:02:31+01:00\"},{\"@type\":\"WebSite\",\"@id\":\"https:\\\/\\\/www.renz-recht.de\\\/en\\\/#website\",\"url\":\"https:\\\/\\\/www.renz-recht.de\\\/en\\\/\",\"name\":\"Rechtsanw\\u00e4ltin Anne-Kathrin Renz Saarbr\\u00fccken\",\"alternateName\":\"Rechtsanw\\u00e4ltin Markenrecht Saarbr\\u00fccken\",\"description\":\"Rechtsanw\\u00e4ltin Anne-Kathrin Renz\",\"inLanguage\":\"en-US\",\"publisher\":{\"@id\":\"https:\\\/\\\/www.renz-recht.de\\\/en\\\/#organization\"}}]}\n\t\t<\/script>\n\t\t<!-- All in One SEO Pro -->\r\n\t\t<title>Datenschutzhinweis Zoom - Renz Recht - Anwalt Markenrecht Urheberrecht Saarbr\u00fccken<\/title>\n\n","aioseo_head_json":{"title":"Privacy Notice Zoom - Renz Law - Lawyer Trademark Law Copyright Saarbr\u00fccken","description":"Data protection information for online meetings, telephone conferences and webinars via &quot;Zoom&quot; We would like to inform you below about the processing of personal data in connection with the use of &quot;Zoom&quot;. Purpose of processing We use the tool &quot;Zoom&quot; to conduct telephone conferences, online meetings, video conferences and\/or webinars (hereinafter: &quot;online meetings&quot;). &quot;Zoom&quot; is a service of Zoom Video Communications, Inc., which","canonical_url":"https:\/\/www.renz-recht.de\/en\/privacy-notice-zoom\/","robots":"max-image-preview:large","keywords":"","webmasterTools":{"miscellaneous":""},"schema":{"@context":"https:\/\/schema.org","@graph":[{"@type":"BreadcrumbList","@id":"https:\/\/www.renz-recht.de\/en\/privacy-notice-zoom\/#breadcrumblist","itemListElement":[{"@type":"ListItem","@id":"https:\/\/www.renz-recht.de\/en#listItem","position":1,"name":"Home","item":"https:\/\/www.renz-recht.de\/en","nextItem":{"@type":"ListItem","@id":"https:\/\/www.renz-recht.de\/en\/privacy-notice-zoom\/#listItem","name":"Datenschutzhinweis Zoom"}},{"@type":"ListItem","@id":"https:\/\/www.renz-recht.de\/en\/privacy-notice-zoom\/#listItem","position":2,"name":"Datenschutzhinweis Zoom","previousItem":{"@type":"ListItem","@id":"https:\/\/www.renz-recht.de\/en#listItem","name":"Home"}}]},{"@type":"Organization","@id":"https:\/\/www.renz-recht.de\/en\/#organization","name":"Rechtsanw\u00e4ltin Anne-Kathrin Renz Saarbr\u00fccken","description":"Rechtsanw\u00e4ltin Anne-Kathrin Renz","url":"https:\/\/www.renz-recht.de\/en\/","telephone":"+4968195810588","logo":{"@type":"ImageObject","url":"https:\/\/www.renz-recht.de\/wp-content\/uploads\/2023\/11\/logo-renz-recht_sw.svg","@id":"https:\/\/www.renz-recht.de\/en\/privacy-notice-zoom\/#organizationLogo"},"image":{"@id":"https:\/\/www.renz-recht.de\/en\/privacy-notice-zoom\/#organizationLogo"}},{"@type":"WebPage","@id":"https:\/\/www.renz-recht.de\/en\/privacy-notice-zoom\/#webpage","url":"https:\/\/www.renz-recht.de\/en\/privacy-notice-zoom\/","name":"Datenschutzhinweis Zoom - Renz Recht - Anwalt Markenrecht Urheberrecht Saarbr\u00fccken","description":"Datenschutzhinweise f\u00fcr Online-Meetings, Telefonkonferenzen und Webinare via \u201eZoom\u201c Wir m\u00f6chten Sie nachfolgend \u00fcber die Verarbeitung personenbezogener Daten im Zusammenhang mit der Nutzung von \u201eZoom\u201c informieren. Zweck der Verarbeitung Wir nutzen das Tool \u201eZoom\u201c, um Telefonkonferenzen, Online-Meetings, Videokonferenzen und\/oder Webinare durchzuf\u00fchren (nachfolgend: \u201eOnline-Meetings\u201c). \u201eZoom\u201c ist ein Service der Zoom Video Communications, Inc., die","inLanguage":"en-US","isPartOf":{"@id":"https:\/\/www.renz-recht.de\/en\/#website"},"breadcrumb":{"@id":"https:\/\/www.renz-recht.de\/en\/privacy-notice-zoom\/#breadcrumblist"},"datePublished":"2022-01-25T09:02:31+01:00","dateModified":"2022-01-25T09:02:31+01:00"},{"@type":"WebSite","@id":"https:\/\/www.renz-recht.de\/en\/#website","url":"https:\/\/www.renz-recht.de\/en\/","name":"Rechtsanw\u00e4ltin Anne-Kathrin Renz Saarbr\u00fccken","alternateName":"Rechtsanw\u00e4ltin Markenrecht Saarbr\u00fccken","description":"Rechtsanw\u00e4ltin Anne-Kathrin Renz","inLanguage":"en-US","publisher":{"@id":"https:\/\/www.renz-recht.de\/en\/#organization"}}]},"og:locale":"en_US","og:site_name":"Renz Recht - Anwalt Markenrecht Urheberrecht Saarbr\u00fccken - Rechtsanw\u00e4ltin Anne-Kathrin Renz","og:type":"article","og:title":"Datenschutzhinweis Zoom - Renz Recht - Anwalt Markenrecht Urheberrecht Saarbr\u00fccken","og:description":"Datenschutzhinweise f\u00fcr Online-Meetings, Telefonkonferenzen und Webinare via \u201eZoom\u201c Wir m\u00f6chten Sie nachfolgend \u00fcber die Verarbeitung personenbezogener Daten im Zusammenhang mit der Nutzung von \u201eZoom\u201c informieren. Zweck der Verarbeitung Wir nutzen das Tool \u201eZoom\u201c, um Telefonkonferenzen, Online-Meetings, Videokonferenzen und\/oder Webinare durchzuf\u00fchren (nachfolgend: \u201eOnline-Meetings\u201c). \u201eZoom\u201c ist ein Service der Zoom Video Communications, Inc., die","og:url":"https:\/\/www.renz-recht.de\/en\/privacy-notice-zoom\/","article:published_time":"2022-01-25T08:02:31+00:00","article:modified_time":"2022-01-25T08:02:31+00:00","twitter:card":"summary_large_image","twitter:title":"Datenschutzhinweis Zoom - Renz Recht - Anwalt Markenrecht Urheberrecht Saarbr\u00fccken","twitter:description":"Datenschutzhinweise f\u00fcr Online-Meetings, Telefonkonferenzen und Webinare via \u201eZoom\u201c Wir m\u00f6chten Sie nachfolgend \u00fcber die Verarbeitung personenbezogener Daten im Zusammenhang mit der Nutzung von \u201eZoom\u201c informieren. Zweck der Verarbeitung Wir nutzen das Tool \u201eZoom\u201c, um Telefonkonferenzen, Online-Meetings, Videokonferenzen und\/oder Webinare durchzuf\u00fchren (nachfolgend: \u201eOnline-Meetings\u201c). \u201eZoom\u201c ist ein Service der Zoom Video Communications, Inc., die"},"aioseo_meta_data":{"post_id":"1633","title":null,"description":null,"keywords":null,"keyphrases":null,"primary_term":null,"canonical_url":null,"og_title":null,"og_description":null,"og_object_type":"default","og_image_type":"default","og_image_url":null,"og_image_width":null,"og_image_height":null,"og_image_custom_url":null,"og_image_custom_fields":null,"og_video":null,"og_custom_url":null,"og_article_section":null,"og_article_tags":null,"twitter_use_og":false,"twitter_card":"default","twitter_image_type":"default","twitter_image_url":null,"twitter_image_custom_url":null,"twitter_image_custom_fields":null,"twitter_title":null,"twitter_description":null,"schema":{"blockGraphs":[],"customGraphs":[],"default":{"data":{"Article":[],"Course":[],"Dataset":[],"FAQPage":[],"Movie":[],"Person":[],"Product":[],"ProductReview":[],"Car":[],"Recipe":[],"Service":[],"SoftwareApplication":[],"WebPage":[]},"graphName":"","isEnabled":true},"graphs":[]},"schema_type":"default","schema_type_options":null,"pillar_content":false,"robots_default":true,"robots_noindex":false,"robots_noarchive":false,"robots_nosnippet":false,"robots_nofollow":false,"robots_noimageindex":false,"robots_noodp":false,"robots_notranslate":false,"robots_max_snippet":null,"robots_max_videopreview":null,"robots_max_imagepreview":"large","priority":null,"frequency":null,"local_seo":null,"seo_analyzer_scan_date":"2025-10-08 21:08:24","breadcrumb_settings":null,"limit_modified_date":false,"open_ai":null,"ai":null,"created":"2023-11-12 10:50:08","updated":"2025-10-22 08:23:50"},"aioseo_breadcrumb":"<div class=\"aioseo-breadcrumbs\"><span class=\"aioseo-breadcrumb\">\n\t<a href=\"https:\/\/www.renz-recht.de\/en\" title=\"Home\">Home<\/a>\n<\/span><span class=\"aioseo-breadcrumb-separator\">&raquo;<\/span><span class=\"aioseo-breadcrumb\">\n\tDatenschutzhinweis Zoom\n<\/span><\/div>","aioseo_breadcrumb_json":[{"label":"Home","link":"https:\/\/www.renz-recht.de\/en"},{"label":"Datenschutzhinweis Zoom","link":"https:\/\/www.renz-recht.de\/en\/privacy-notice-zoom\/"}],"_links":{"self":[{"href":"https:\/\/www.renz-recht.de\/en\/wp-json\/wp\/v2\/pages\/1633","targetHints":{"allow":["GET"]}}],"collection":[{"href":"https:\/\/www.renz-recht.de\/en\/wp-json\/wp\/v2\/pages"}],"about":[{"href":"https:\/\/www.renz-recht.de\/en\/wp-json\/wp\/v2\/types\/page"}],"author":[{"embeddable":true,"href":"https:\/\/www.renz-recht.de\/en\/wp-json\/wp\/v2\/users\/2"}],"replies":[{"embeddable":true,"href":"https:\/\/www.renz-recht.de\/en\/wp-json\/wp\/v2\/comments?post=1633"}],"version-history":[{"count":0,"href":"https:\/\/www.renz-recht.de\/en\/wp-json\/wp\/v2\/pages\/1633\/revisions"}],"wp:attachment":[{"href":"https:\/\/www.renz-recht.de\/en\/wp-json\/wp\/v2\/media?parent=1633"}],"curies":[{"name":"wp","href":"https:\/\/api.w.org\/{rel}","templated":true}]}}